{"id":201,"date":"2025-11-03T17:50:18","date_gmt":"2025-11-03T16:50:18","guid":{"rendered":"https:\/\/edvardkadic.com\/?page_id=201"},"modified":"2026-03-29T12:41:29","modified_gmt":"2026-03-29T10:41:29","slug":"o-meni","status":"publish","type":"page","link":"https:\/\/edvardkadic.com\/?page_id=201","title":{"rendered":"O meni"},"content":{"rendered":"\n<p>Sem dru\u017ebeno anga\u017eiran podjetnik, politi\u010dni komentator in avtor ve\u010d knjig s podro\u010dja komuniciranja, v katerih zdru\u017eujem prakti\u010dne izku\u0161nje, analiti\u010dno razmi\u0161ljanje in jasno usmerjenost k rezultatom.<\/p>\n\n\n\n<p>Rojen leta 1968, sem diplomirani poslovni pravnik ter o\u010de dveh otrok. Svoje strokovno in podjetni\u0161ko delovanje usmerjam v razvoj idej, ki prispevajo k bolj\u0161i dru\u017ebi in u\u010dinkovitej\u0161i komunikaciji.<\/p>\n\n\n\n<p>Sem ustanovitelj in direktor <a href=\"http:\/\/www.zavod-delta.org\/\">Zavoda za napredne \u0161tudije Delta<\/a>, kjer se posve\u010damo raziskovanju in spodbujanju zdravega \u017eivljenjskega sloga, ter direktor <a href=\"https:\/\/www.agencija-rudolf.si\/\">Agencije Rudolf d.o.o.<\/a>, ki izdaja medij <a href=\"https:\/\/www.Portal24.si\">Portal24.si<\/a>. <\/p>\n\n\n\n<p>Kot politi\u010dni komentator redno sodelujem v televizijskih oddajah <em>Ura mo\u010di<\/em> (Planet TV) in <em>Ura resnice<\/em> (Info360). Svoje poglede in analize izra\u017eam tudi kot kolumnist in avtor prispevkov v razli\u010dnih slovenskih medijih, med drugim na <a href=\"https:\/\/portal24.si\/kolumna\/\">Portal24<\/a>, <a href=\"https:\/\/nova24tv.si\/oznaka\/edvard-kadic\/\">Nova24<\/a>, <a href=\"https:\/\/svet24.si\/odnosi\/kako-se-ucinkovito-predstaviti-423144\">Svet24<\/a>, <a href=\"https:\/\/demokracija.si\/tag\/edvard-kadic\/\">Demokracija<\/a> &#8230;<\/p>\n\n\n\n<p>Moje knjige niso namenjene tistim, ki i\u0161\u010dejo izgovore, temve\u010d tistim, ki i\u0161\u010dejo jasne usmeritve, konkretna orodja in merljive rezultate:<\/p>\n\n\n\n<ul class=\"wp-block-list\"><\/ul>\n\n\n\n<p>\u010ceprav sem zahteven do sebe in drugih, sem prepri\u010dan, da so po\u0161tenost, delavnost in zdrava logika \u0161e vedno najbolj\u0161i temelj za osebni in dru\u017ebeni napredek.<\/p>\n\n\n\n<p><\/p>\n","protected":false},"excerpt":{"rendered":"<p>Sem dru\u017ebeno anga\u017eiran podjetnik, politi\u010dni komentator in avtor ve\u010d knjig s podro\u010dja komuniciranja, v katerih zdru\u017eujem prakti\u010dne izku\u0161nje, analiti\u010dno razmi\u0161ljanje in jasno usmerjenost k rezultatom. [&hellip;]<\/p>\n","protected":false},"author":1,"featured_media":0,"parent":0,"menu_order":0,"comment_status":"closed","ping_status":"closed","template":"","meta":{"_monsterinsights_skip_tracking":false,"_monsterinsights_sitenote_active":false,"_monsterinsights_sitenote_note":"","_monsterinsights_sitenote_category":0,"footnotes":""},"class_list":["post-201","page","type-page","status-publish","hentry"],"yoast_head":"<!-- This site is optimized with the Yoast SEO plugin v27.3 - https:\/\/yoast.com\/product\/yoast-seo-wordpress\/ -->\n<title>O meni - Edvard Kadi\u010d<\/title>\n<meta name=\"robots\" content=\"index, follow, max-snippet:-1, max-image-preview:large, max-video-preview:-1\" \/>\n<link rel=\"canonical\" href=\"https:\/\/edvardkadic.com\/?page_id=201\" \/>\n<meta property=\"og:locale\" content=\"sl_SI\" \/>\n<meta property=\"og:type\" content=\"article\" \/>\n<meta property=\"og:title\" content=\"O meni - Edvard Kadi\u010d\" \/>\n<meta property=\"og:description\" content=\"Sem dru\u017ebeno anga\u017eiran podjetnik, politi\u010dni komentator in avtor ve\u010d knjig s podro\u010dja komuniciranja, v katerih zdru\u017eujem prakti\u010dne izku\u0161nje, analiti\u010dno razmi\u0161ljanje in jasno usmerjenost k rezultatom. [&hellip;]\" \/>\n<meta property=\"og:url\" content=\"https:\/\/edvardkadic.com\/?page_id=201\" \/>\n<meta property=\"og:site_name\" content=\"Edvard Kadi\u010d\" \/>\n<meta property=\"article:modified_time\" content=\"2026-03-29T10:41:29+00:00\" \/>\n<meta name=\"twitter:card\" content=\"summary_large_image\" \/>\n<meta name=\"twitter:label1\" content=\"Est. reading time\" \/>\n\t<meta name=\"twitter:data1\" content=\"1 minuta\" \/>\n<script type=\"application\/ld+json\" class=\"yoast-schema-graph\">{\"@context\":\"https:\\\/\\\/schema.org\",\"@graph\":[{\"@type\":\"WebPage\",\"@id\":\"https:\\\/\\\/edvardkadic.com\\\/?page_id=201\",\"url\":\"https:\\\/\\\/edvardkadic.com\\\/?page_id=201\",\"name\":\"O meni - Edvard Kadi\u010d\",\"isPartOf\":{\"@id\":\"https:\\\/\\\/edvardkadic.com\\\/#website\"},\"datePublished\":\"2025-11-03T16:50:18+00:00\",\"dateModified\":\"2026-03-29T10:41:29+00:00\",\"breadcrumb\":{\"@id\":\"https:\\\/\\\/edvardkadic.com\\\/?page_id=201#breadcrumb\"},\"inLanguage\":\"sl-SI\",\"potentialAction\":[{\"@type\":\"ReadAction\",\"target\":[\"https:\\\/\\\/edvardkadic.com\\\/?page_id=201\"]}]},{\"@type\":\"BreadcrumbList\",\"@id\":\"https:\\\/\\\/edvardkadic.com\\\/?page_id=201#breadcrumb\",\"itemListElement\":[{\"@type\":\"ListItem\",\"position\":1,\"name\":\"Domov\",\"item\":\"https:\\\/\\\/edvardkadic.com\\\/\"},{\"@type\":\"ListItem\",\"position\":2,\"name\":\"O meni\"}]},{\"@type\":\"WebSite\",\"@id\":\"https:\\\/\\\/edvardkadic.com\\\/#website\",\"url\":\"https:\\\/\\\/edvardkadic.com\\\/\",\"name\":\"Edvard Kadi\u010d\",\"description\":\"Komunikacija in osebnostni razvoj\",\"potentialAction\":[{\"@type\":\"SearchAction\",\"target\":{\"@type\":\"EntryPoint\",\"urlTemplate\":\"https:\\\/\\\/edvardkadic.com\\\/?s={search_term_string}\"},\"query-input\":{\"@type\":\"PropertyValueSpecification\",\"valueRequired\":true,\"valueName\":\"search_term_string\"}}],\"inLanguage\":\"sl-SI\"}]}<\/script>\n<!-- \/ Yoast SEO plugin. -->","yoast_head_json":{"title":"O meni - Edvard Kadi\u010d","robots":{"index":"index","follow":"follow","max-snippet":"max-snippet:-1","max-image-preview":"max-image-preview:large","max-video-preview":"max-video-preview:-1"},"canonical":"https:\/\/edvardkadic.com\/?page_id=201","og_locale":"sl_SI","og_type":"article","og_title":"O meni - Edvard Kadi\u010d","og_description":"Sem dru\u017ebeno anga\u017eiran podjetnik, politi\u010dni komentator in avtor ve\u010d knjig s podro\u010dja komuniciranja, v katerih zdru\u017eujem prakti\u010dne izku\u0161nje, analiti\u010dno razmi\u0161ljanje in jasno usmerjenost k rezultatom. [&hellip;]","og_url":"https:\/\/edvardkadic.com\/?page_id=201","og_site_name":"Edvard Kadi\u010d","article_modified_time":"2026-03-29T10:41:29+00:00","twitter_card":"summary_large_image","twitter_misc":{"Est. reading time":"1 minuta"},"schema":{"@context":"https:\/\/schema.org","@graph":[{"@type":"WebPage","@id":"https:\/\/edvardkadic.com\/?page_id=201","url":"https:\/\/edvardkadic.com\/?page_id=201","name":"O meni - Edvard Kadi\u010d","isPartOf":{"@id":"https:\/\/edvardkadic.com\/#website"},"datePublished":"2025-11-03T16:50:18+00:00","dateModified":"2026-03-29T10:41:29+00:00","breadcrumb":{"@id":"https:\/\/edvardkadic.com\/?page_id=201#breadcrumb"},"inLanguage":"sl-SI","potentialAction":[{"@type":"ReadAction","target":["https:\/\/edvardkadic.com\/?page_id=201"]}]},{"@type":"BreadcrumbList","@id":"https:\/\/edvardkadic.com\/?page_id=201#breadcrumb","itemListElement":[{"@type":"ListItem","position":1,"name":"Domov","item":"https:\/\/edvardkadic.com\/"},{"@type":"ListItem","position":2,"name":"O meni"}]},{"@type":"WebSite","@id":"https:\/\/edvardkadic.com\/#website","url":"https:\/\/edvardkadic.com\/","name":"Edvard Kadi\u010d","description":"Komunikacija in osebnostni razvoj","potentialAction":[{"@type":"SearchAction","target":{"@type":"EntryPoint","urlTemplate":"https:\/\/edvardkadic.com\/?s={search_term_string}"},"query-input":{"@type":"PropertyValueSpecification","valueRequired":true,"valueName":"search_term_string"}}],"inLanguage":"sl-SI"}]}},"jetpack-related-posts":[{"id":251,"url":"https:\/\/edvardkadic.com\/?page_id=251","url_meta":{"origin":201,"position":0},"title":"Delta Akademija","author":"adminEK","date":"29 marca, 2026","format":false,"excerpt":"Delta Life Coaching\u2122\u00a0(DLC) je eden najstarej\u0161ih in najbolj prepoznavnih sistemov za osebnostni razvoj v JV Evropi.\u00a0 Delo z osebnim potencialom zahteva specifi\u010dna znanja in ve\u0161\u010dine, z osvojenimi znanji pa boste v celoti prevzeli nadzor nad svojim \u017eivljenjem. Doseganje ciljev bo postalo igra.\u200bCertifikat Delta Akademije\u00a0po opravljenem izobra\u017eevanju bo pomembno obogatil tudi\u2026","rel":"","context":"Similar post","block_context":{"text":"Similar post","link":""},"img":{"alt_text":"","src":"https:\/\/i0.wp.com\/edvardkadic.com\/wp-content\/uploads\/2026\/03\/DeltaLifeAkademija.png?resize=350%2C200&ssl=1","width":350,"height":200},"classes":[]},{"id":2,"url":"https:\/\/edvardkadic.com\/","url_meta":{"origin":201,"position":1},"title":"Dobrodo\u0161li!","author":"adminEK","date":"25 oktobra, 2023","format":false,"excerpt":"Edvard Kadi\u010d: Osebna karizma, javno nastopanje, samozavest, govorica telesa, mehke ve\u0161\u010dine dela z ljudmi, retorika, verbalna in neverbalna komunikacija ...","rel":"","context":"Similar post","block_context":{"text":"Similar post","link":""},"img":{"alt_text":"","src":"https:\/\/i0.wp.com\/edvardkadic.com\/wp-content\/uploads\/2023\/12\/IMG_8697.jpg?resize=350%2C200&ssl=1","width":350,"height":200,"srcset":"https:\/\/i0.wp.com\/edvardkadic.com\/wp-content\/uploads\/2023\/12\/IMG_8697.jpg?resize=350%2C200&ssl=1 1x, https:\/\/i0.wp.com\/edvardkadic.com\/wp-content\/uploads\/2023\/12\/IMG_8697.jpg?resize=525%2C300&ssl=1 1.5x, https:\/\/i0.wp.com\/edvardkadic.com\/wp-content\/uploads\/2023\/12\/IMG_8697.jpg?resize=700%2C400&ssl=1 2x, https:\/\/i0.wp.com\/edvardkadic.com\/wp-content\/uploads\/2023\/12\/IMG_8697.jpg?resize=1050%2C600&ssl=1 3x, https:\/\/i0.wp.com\/edvardkadic.com\/wp-content\/uploads\/2023\/12\/IMG_8697.jpg?resize=1400%2C800&ssl=1 4x"},"classes":[]}],"jetpack_sharing_enabled":true,"_links":{"self":[{"href":"https:\/\/edvardkadic.com\/index.php?rest_route=\/wp\/v2\/pages\/201","targetHints":{"allow":["GET"]}}],"collection":[{"href":"https:\/\/edvardkadic.com\/index.php?rest_route=\/wp\/v2\/pages"}],"about":[{"href":"https:\/\/edvardkadic.com\/index.php?rest_route=\/wp\/v2\/types\/page"}],"author":[{"embeddable":true,"href":"https:\/\/edvardkadic.com\/index.php?rest_route=\/wp\/v2\/users\/1"}],"replies":[{"embeddable":true,"href":"https:\/\/edvardkadic.com\/index.php?rest_route=%2Fwp%2Fv2%2Fcomments&post=201"}],"version-history":[{"count":12,"href":"https:\/\/edvardkadic.com\/index.php?rest_route=\/wp\/v2\/pages\/201\/revisions"}],"predecessor-version":[{"id":260,"href":"https:\/\/edvardkadic.com\/index.php?rest_route=\/wp\/v2\/pages\/201\/revisions\/260"}],"wp:attachment":[{"href":"https:\/\/edvardkadic.com\/index.php?rest_route=%2Fwp%2Fv2%2Fmedia&parent=201"}],"curies":[{"name":"wp","href":"https:\/\/api.w.org\/{rel}","templated":true}]}}