{"id":2,"date":"2023-10-25T13:24:11","date_gmt":"2023-10-25T13:24:11","guid":{"rendered":"https:\/\/edvardkadic.com\/?page_id=2"},"modified":"2026-03-29T12:44:51","modified_gmt":"2026-03-29T10:44:51","slug":"domov","status":"publish","type":"page","link":"https:\/\/edvardkadic.com\/","title":{"rendered":"Dobrodo\u0161li!"},"content":{"rendered":"<div class=\"wp-block-image\">\n<figure class=\"aligncenter size-large\"><img data-recalc-dims=\"1\" loading=\"lazy\" decoding=\"async\" width=\"635\" height=\"1024\" src=\"https:\/\/i0.wp.com\/edvardkadic.com\/wp-content\/uploads\/2023\/12\/IMG_8697.jpg?resize=635%2C1024&#038;ssl=1\" alt=\"\" class=\"wp-image-161\" srcset=\"https:\/\/i0.wp.com\/edvardkadic.com\/wp-content\/uploads\/2023\/12\/IMG_8697.jpg?resize=635%2C1024&amp;ssl=1 635w, https:\/\/i0.wp.com\/edvardkadic.com\/wp-content\/uploads\/2023\/12\/IMG_8697.jpg?resize=186%2C300&amp;ssl=1 186w, https:\/\/i0.wp.com\/edvardkadic.com\/wp-content\/uploads\/2023\/12\/IMG_8697.jpg?resize=768%2C1238&amp;ssl=1 768w, https:\/\/i0.wp.com\/edvardkadic.com\/wp-content\/uploads\/2023\/12\/IMG_8697.jpg?resize=953%2C1536&amp;ssl=1 953w, https:\/\/i0.wp.com\/edvardkadic.com\/wp-content\/uploads\/2023\/12\/IMG_8697.jpg?resize=1270%2C2048&amp;ssl=1 1270w, https:\/\/i0.wp.com\/edvardkadic.com\/wp-content\/uploads\/2023\/12\/IMG_8697.jpg?w=1516&amp;ssl=1 1516w\" sizes=\"auto, (max-width: 635px) 100vw, 635px\" \/><figcaption class=\"wp-element-caption\">Edvard Kadi\u010d<\/figcaption><\/figure>\n<\/div>\n\n\n<p><\/p>\n\n\n\n<div class=\"wp-block-columns is-layout-flex wp-container-core-columns-is-layout-9d6595d7 wp-block-columns-is-layout-flex\">\n<div class=\"wp-block-column is-layout-flow wp-block-column-is-layout-flow\">\n<blockquote class=\"wp-block-quote is-layout-flow wp-block-quote-is-layout-flow\">\n<p class=\"has-small-font-size\"><strong>Ro\u017eica v naravi ne more rasti narobe. Raste lahko le na svoj na\u010din. <\/strong><\/p>\n\n\n\n<p class=\"has-small-font-size\"><em>[Edvard Kadi\u010d, knjiga Govorica telesa in osebna karizma]<\/em><\/p>\n<\/blockquote>\n<\/div>\n\n\n\n<div class=\"wp-block-column is-layout-flow wp-block-column-is-layout-flow\">\n<blockquote class=\"wp-block-quote is-layout-flow wp-block-quote-is-layout-flow\">\n<p class=\"has-small-font-size\"><strong><strong>\u010ce se obna\u0161a\u0161 kot limona, tudi razmi\u0161lja\u0161 kot limona. \u010ce razmi\u0161lja\u0161 kot limona, se tudi obna\u0161a\u0161 kot limona.<\/strong><\/strong> <\/p>\n\n\n\n<p class=\"has-small-font-size\"><em>[Edvard Kadi\u010d, knjiga Samozavest je seksi!]<\/em><\/p>\n<\/blockquote>\n<\/div>\n<\/div>\n\n\n\n<div class=\"wp-block-buttons alignfull is-content-justification-center is-layout-flex wp-container-core-buttons-is-layout-16018d1d wp-block-buttons-is-layout-flex\">\n<div class=\"wp-block-button\"><a class=\"wp-block-button__link wp-element-button\" href=\"mailto:info@EdvardKadic.com\" target=\"_blank\" rel=\"noreferrer noopener\">Kontakt<\/a><\/div>\n<\/div>\n\n\n\n<p><\/p>\n","protected":false},"excerpt":{"rendered":"<p>Edvard Kadi\u010d: Osebna karizma, javno nastopanje, samozavest, govorica telesa, mehke ve\u0161\u010dine dela z ljudmi, retorika, verbalna in neverbalna komunikacija &#8230;<\/p>\n","protected":false},"author":1,"featured_media":0,"parent":0,"menu_order":0,"comment_status":"closed","ping_status":"open","template":"","meta":{"_monsterinsights_skip_tracking":false,"_monsterinsights_sitenote_active":false,"_monsterinsights_sitenote_note":"","_monsterinsights_sitenote_category":0,"footnotes":""},"class_list":["post-2","page","type-page","status-publish","hentry"],"yoast_head":"<!-- This site is optimized with the Yoast SEO plugin v27.3 - https:\/\/yoast.com\/product\/yoast-seo-wordpress\/ -->\n<title>Dobrodo\u0161li! - Edvard Kadi\u010d<\/title>\n<meta name=\"description\" content=\"Osebna karizma, javno nastopanje, samozavest, govorica telesa, mehke ve\u0161\u010dine dela z ljudmi, retorika, verbalna in neverbalna komunikacija ...\" \/>\n<meta name=\"robots\" content=\"index, follow, max-snippet:-1, max-image-preview:large, max-video-preview:-1\" \/>\n<link rel=\"canonical\" href=\"https:\/\/edvardkadic.com\/\" \/>\n<meta property=\"og:locale\" content=\"sl_SI\" \/>\n<meta property=\"og:type\" content=\"article\" \/>\n<meta property=\"og:title\" content=\"Edvard Kadi\u010d\" \/>\n<meta property=\"og:description\" content=\"Osebna karizma, javno nastopanje, samozavest, govorica telesa, mehke ve\u0161\u010dine dela z ljudmi, retorika, verbalna in neverbalna komunikacija ...\" \/>\n<meta property=\"og:url\" content=\"https:\/\/edvardkadic.com\/\" \/>\n<meta property=\"og:site_name\" content=\"Edvard Kadi\u010d\" \/>\n<meta property=\"article:modified_time\" content=\"2026-03-29T10:44:51+00:00\" \/>\n<meta property=\"og:image\" content=\"https:\/\/edvardkadic.com\/wp-content\/uploads\/2023\/10\/cropped-Kadic-1.jpg\" \/>\n\t<meta property=\"og:image:width\" content=\"1257\" \/>\n\t<meta property=\"og:image:height\" content=\"787\" \/>\n\t<meta property=\"og:image:type\" content=\"image\/jpeg\" \/>\n<meta name=\"twitter:card\" content=\"summary_large_image\" \/>\n<meta name=\"twitter:title\" content=\"Edvard Kadi\u010d\" \/>\n<meta name=\"twitter:description\" content=\"Osebna karizma, javno nastopanje, samozavest, govorica telesa, mehke ve\u0161\u010dine dela z ljudmi, retorika, verbalna in neverbalna komunikacija ...\" \/>\n<meta name=\"twitter:label1\" content=\"Est. reading time\" \/>\n\t<meta name=\"twitter:data1\" content=\"1 minuta\" \/>\n<script type=\"application\/ld+json\" class=\"yoast-schema-graph\">{\"@context\":\"https:\\\/\\\/schema.org\",\"@graph\":[{\"@type\":\"WebPage\",\"@id\":\"https:\\\/\\\/edvardkadic.com\\\/\",\"url\":\"https:\\\/\\\/edvardkadic.com\\\/\",\"name\":\"Dobrodo\u0161li! - Edvard Kadi\u010d\",\"isPartOf\":{\"@id\":\"https:\\\/\\\/edvardkadic.com\\\/#website\"},\"primaryImageOfPage\":{\"@id\":\"https:\\\/\\\/edvardkadic.com\\\/#primaryimage\"},\"image\":{\"@id\":\"https:\\\/\\\/edvardkadic.com\\\/#primaryimage\"},\"thumbnailUrl\":\"https:\\\/\\\/edvardkadic.com\\\/wp-content\\\/uploads\\\/2023\\\/12\\\/IMG_8697-635x1024.jpg\",\"datePublished\":\"2023-10-25T13:24:11+00:00\",\"dateModified\":\"2026-03-29T10:44:51+00:00\",\"description\":\"Osebna karizma, javno nastopanje, samozavest, govorica telesa, mehke ve\u0161\u010dine dela z ljudmi, retorika, verbalna in neverbalna komunikacija ...\",\"breadcrumb\":{\"@id\":\"https:\\\/\\\/edvardkadic.com\\\/#breadcrumb\"},\"inLanguage\":\"sl-SI\",\"potentialAction\":[{\"@type\":\"ReadAction\",\"target\":[\"https:\\\/\\\/edvardkadic.com\\\/\"]}]},{\"@type\":\"ImageObject\",\"inLanguage\":\"sl-SI\",\"@id\":\"https:\\\/\\\/edvardkadic.com\\\/#primaryimage\",\"url\":\"https:\\\/\\\/i0.wp.com\\\/edvardkadic.com\\\/wp-content\\\/uploads\\\/2023\\\/12\\\/IMG_8697.jpg?fit=1516%2C2444&ssl=1\",\"contentUrl\":\"https:\\\/\\\/i0.wp.com\\\/edvardkadic.com\\\/wp-content\\\/uploads\\\/2023\\\/12\\\/IMG_8697.jpg?fit=1516%2C2444&ssl=1\",\"width\":1516,\"height\":2444},{\"@type\":\"BreadcrumbList\",\"@id\":\"https:\\\/\\\/edvardkadic.com\\\/#breadcrumb\",\"itemListElement\":[{\"@type\":\"ListItem\",\"position\":1,\"name\":\"Domov\",\"item\":\"https:\\\/\\\/edvardkadic.com\\\/\"},{\"@type\":\"ListItem\",\"position\":2,\"name\":\"Dobrodo\u0161li!\"}]},{\"@type\":\"WebSite\",\"@id\":\"https:\\\/\\\/edvardkadic.com\\\/#website\",\"url\":\"https:\\\/\\\/edvardkadic.com\\\/\",\"name\":\"Edvard Kadi\u010d\",\"description\":\"Komunikacija in osebnostni razvoj\",\"potentialAction\":[{\"@type\":\"SearchAction\",\"target\":{\"@type\":\"EntryPoint\",\"urlTemplate\":\"https:\\\/\\\/edvardkadic.com\\\/?s={search_term_string}\"},\"query-input\":{\"@type\":\"PropertyValueSpecification\",\"valueRequired\":true,\"valueName\":\"search_term_string\"}}],\"inLanguage\":\"sl-SI\"}]}<\/script>\n<!-- \/ Yoast SEO plugin. -->","yoast_head_json":{"title":"Dobrodo\u0161li! - Edvard Kadi\u010d","description":"Osebna karizma, javno nastopanje, samozavest, govorica telesa, mehke ve\u0161\u010dine dela z ljudmi, retorika, verbalna in neverbalna komunikacija ...","robots":{"index":"index","follow":"follow","max-snippet":"max-snippet:-1","max-image-preview":"max-image-preview:large","max-video-preview":"max-video-preview:-1"},"canonical":"https:\/\/edvardkadic.com\/","og_locale":"sl_SI","og_type":"article","og_title":"Edvard Kadi\u010d","og_description":"Osebna karizma, javno nastopanje, samozavest, govorica telesa, mehke ve\u0161\u010dine dela z ljudmi, retorika, verbalna in neverbalna komunikacija ...","og_url":"https:\/\/edvardkadic.com\/","og_site_name":"Edvard Kadi\u010d","article_modified_time":"2026-03-29T10:44:51+00:00","og_image":[{"width":1257,"height":787,"url":"https:\/\/edvardkadic.com\/wp-content\/uploads\/2023\/10\/cropped-Kadic-1.jpg","type":"image\/jpeg"}],"twitter_card":"summary_large_image","twitter_title":"Edvard Kadi\u010d","twitter_description":"Osebna karizma, javno nastopanje, samozavest, govorica telesa, mehke ve\u0161\u010dine dela z ljudmi, retorika, verbalna in neverbalna komunikacija ...","twitter_misc":{"Est. reading time":"1 minuta"},"schema":{"@context":"https:\/\/schema.org","@graph":[{"@type":"WebPage","@id":"https:\/\/edvardkadic.com\/","url":"https:\/\/edvardkadic.com\/","name":"Dobrodo\u0161li! - Edvard Kadi\u010d","isPartOf":{"@id":"https:\/\/edvardkadic.com\/#website"},"primaryImageOfPage":{"@id":"https:\/\/edvardkadic.com\/#primaryimage"},"image":{"@id":"https:\/\/edvardkadic.com\/#primaryimage"},"thumbnailUrl":"https:\/\/edvardkadic.com\/wp-content\/uploads\/2023\/12\/IMG_8697-635x1024.jpg","datePublished":"2023-10-25T13:24:11+00:00","dateModified":"2026-03-29T10:44:51+00:00","description":"Osebna karizma, javno nastopanje, samozavest, govorica telesa, mehke ve\u0161\u010dine dela z ljudmi, retorika, verbalna in neverbalna komunikacija ...","breadcrumb":{"@id":"https:\/\/edvardkadic.com\/#breadcrumb"},"inLanguage":"sl-SI","potentialAction":[{"@type":"ReadAction","target":["https:\/\/edvardkadic.com\/"]}]},{"@type":"ImageObject","inLanguage":"sl-SI","@id":"https:\/\/edvardkadic.com\/#primaryimage","url":"https:\/\/i0.wp.com\/edvardkadic.com\/wp-content\/uploads\/2023\/12\/IMG_8697.jpg?fit=1516%2C2444&ssl=1","contentUrl":"https:\/\/i0.wp.com\/edvardkadic.com\/wp-content\/uploads\/2023\/12\/IMG_8697.jpg?fit=1516%2C2444&ssl=1","width":1516,"height":2444},{"@type":"BreadcrumbList","@id":"https:\/\/edvardkadic.com\/#breadcrumb","itemListElement":[{"@type":"ListItem","position":1,"name":"Domov","item":"https:\/\/edvardkadic.com\/"},{"@type":"ListItem","position":2,"name":"Dobrodo\u0161li!"}]},{"@type":"WebSite","@id":"https:\/\/edvardkadic.com\/#website","url":"https:\/\/edvardkadic.com\/","name":"Edvard Kadi\u010d","description":"Komunikacija in osebnostni razvoj","potentialAction":[{"@type":"SearchAction","target":{"@type":"EntryPoint","urlTemplate":"https:\/\/edvardkadic.com\/?s={search_term_string}"},"query-input":{"@type":"PropertyValueSpecification","valueRequired":true,"valueName":"search_term_string"}}],"inLanguage":"sl-SI"}]}},"jetpack-related-posts":[{"id":251,"url":"https:\/\/edvardkadic.com\/?page_id=251","url_meta":{"origin":2,"position":0},"title":"Delta Akademija","author":"adminEK","date":"29 marca, 2026","format":false,"excerpt":"Delta Life Coaching\u2122\u00a0(DLC) je eden najstarej\u0161ih in najbolj prepoznavnih sistemov za osebnostni razvoj v JV Evropi.\u00a0 Delo z osebnim potencialom zahteva specifi\u010dna znanja in ve\u0161\u010dine, z osvojenimi znanji pa boste v celoti prevzeli nadzor nad svojim \u017eivljenjem. Doseganje ciljev bo postalo igra.\u200bCertifikat Delta Akademije\u00a0po opravljenem izobra\u017eevanju bo pomembno obogatil tudi\u2026","rel":"","context":"Similar post","block_context":{"text":"Similar post","link":""},"img":{"alt_text":"","src":"https:\/\/i0.wp.com\/edvardkadic.com\/wp-content\/uploads\/2026\/03\/DeltaLifeAkademija.png?resize=350%2C200&ssl=1","width":350,"height":200},"classes":[]}],"jetpack_sharing_enabled":true,"_links":{"self":[{"href":"https:\/\/edvardkadic.com\/index.php?rest_route=\/wp\/v2\/pages\/2","targetHints":{"allow":["GET"]}}],"collection":[{"href":"https:\/\/edvardkadic.com\/index.php?rest_route=\/wp\/v2\/pages"}],"about":[{"href":"https:\/\/edvardkadic.com\/index.php?rest_route=\/wp\/v2\/types\/page"}],"author":[{"embeddable":true,"href":"https:\/\/edvardkadic.com\/index.php?rest_route=\/wp\/v2\/users\/1"}],"replies":[{"embeddable":true,"href":"https:\/\/edvardkadic.com\/index.php?rest_route=%2Fwp%2Fv2%2Fcomments&post=2"}],"version-history":[{"count":73,"href":"https:\/\/edvardkadic.com\/index.php?rest_route=\/wp\/v2\/pages\/2\/revisions"}],"predecessor-version":[{"id":263,"href":"https:\/\/edvardkadic.com\/index.php?rest_route=\/wp\/v2\/pages\/2\/revisions\/263"}],"wp:attachment":[{"href":"https:\/\/edvardkadic.com\/index.php?rest_route=%2Fwp%2Fv2%2Fmedia&parent=2"}],"curies":[{"name":"wp","href":"https:\/\/api.w.org\/{rel}","templated":true}]}}